{"id":1884,"date":"2025-01-03T12:11:17","date_gmt":"2025-01-03T10:11:17","guid":{"rendered":"https:\/\/lyse-aktiv.respond.no\/?post_type=product&#038;p=1884"},"modified":"2025-01-03T15:26:50","modified_gmt":"2025-01-03T13:26:50","slug":"pique-dame","status":"publish","type":"product","link":"https:\/\/lyse-aktiv.respond.no\/?product=pique-dame","title":{"rendered":"Pique, dame"},"content":{"rendered":"<p>Kortermet pique i klassisk pique-strikk. Modellen har normal passform, strikket ribb p\u00e5 krage og ermer, to knapper i den forsterkede knappestolpen og splitt i siden. Cottover tilbyr kl\u00e6r med hensyn til mennesker og milj\u00f8. Produktene er sertifisert av Nordic Ecolabel, Fairtrade, GOTS og \u00d8KO-TEX. Et produkt med disse sertifiseringene betyr at plagget har m\u00f8tt alle kravene til organisasjonene bak merkingen. Cottover har n\u00f8ye valgt ut sine hjertesaker med tanke p\u00e5 kvalitet, helse, milj\u00f8 og arbeidsforhold. All bomull er 100% \u00f8kologisk.<\/p>\n","protected":false},"excerpt":{"rendered":"<p>Kortermet pique i klassisk pique-strikk. Modellen har normal passform, strikket ribb p\u00e5 krage og ermer, to knapper i den forsterkede knappestolpen og splitt i siden.<\/p>\n","protected":false},"featured_media":2031,"template":"","meta":[],"product_brand":[],"product_cat":[97],"product_tag":[],"class_list":{"0":"post-1884","1":"product","2":"type-product","3":"status-publish","4":"has-post-thumbnail","6":"product_cat-bekledning","7":"pa_farge-gronn","8":"pa_farge-gul","9":"pa_farge-hvit","10":"pa_farge-rod","11":"pa_storrelse-2xl","12":"pa_storrelse-l","13":"pa_storrelse-m","14":"pa_storrelse-s","15":"pa_storrelse-xl","16":"pa_storrelse-xs","18":"first","19":"instock","20":"taxable","21":"shipping-taxable","22":"product-type-variable"},"_links":{"self":[{"href":"https:\/\/lyse-aktiv.respond.no\/index.php?rest_route=\/wp\/v2\/product\/1884","targetHints":{"allow":["GET"]}}],"collection":[{"href":"https:\/\/lyse-aktiv.respond.no\/index.php?rest_route=\/wp\/v2\/product"}],"about":[{"href":"https:\/\/lyse-aktiv.respond.no\/index.php?rest_route=\/wp\/v2\/types\/product"}],"wp:featuredmedia":[{"embeddable":true,"href":"https:\/\/lyse-aktiv.respond.no\/index.php?rest_route=\/wp\/v2\/media\/2031"}],"wp:attachment":[{"href":"https:\/\/lyse-aktiv.respond.no\/index.php?rest_route=%2Fwp%2Fv2%2Fmedia&parent=1884"}],"wp:term":[{"taxonomy":"product_brand","embeddable":true,"href":"https:\/\/lyse-aktiv.respond.no\/index.php?rest_route=%2Fwp%2Fv2%2Fproduct_brand&post=1884"},{"taxonomy":"product_cat","embeddable":true,"href":"https:\/\/lyse-aktiv.respond.no\/index.php?rest_route=%2Fwp%2Fv2%2Fproduct_cat&post=1884"},{"taxonomy":"product_tag","embeddable":true,"href":"https:\/\/lyse-aktiv.respond.no\/index.php?rest_route=%2Fwp%2Fv2%2Fproduct_tag&post=1884"}],"curies":[{"name":"wp","href":"https:\/\/api.w.org\/{rel}","templated":true}]}}